{"id":117,"date":"2019-01-09T10:19:21","date_gmt":"2019-01-09T10:19:21","guid":{"rendered":"https:\/\/www.firewings.org\/wordpress\/?page_id=117"},"modified":"2024-12-28T14:07:27","modified_gmt":"2024-12-28T14:07:27","slug":"shows-ohne-feuer","status":"publish","type":"page","link":"https:\/\/www.firewings.org\/?page_id=117","title":{"rendered":"Artistikshow"},"content":{"rendered":"\t\t<div data-elementor-type=\"wp-post\" data-elementor-id=\"117\" class=\"elementor elementor-117\">\n\t\t\t\t\t\t<section class=\"elementor-section elementor-top-section elementor-element elementor-element-6b09b87 elementor-section-boxed elementor-section-height-default elementor-section-height-default\" data-id=\"6b09b87\" data-element_type=\"section\" data-e-type=\"section\">\n\t\t\t\t\t\t<div class=\"elementor-container elementor-column-gap-default\">\n\t\t\t\t\t<div class=\"elementor-column elementor-col-100 elementor-top-column elementor-element elementor-element-905e256\" data-id=\"905e256\" data-element_type=\"column\" data-e-type=\"column\">\n\t\t\t<div class=\"elementor-widget-wrap elementor-element-populated\">\n\t\t\t\t\t\t<div class=\"elementor-element elementor-element-e8f0129 elementor-hidden-tablet elementor-hidden-phone elementor-widget elementor-widget-spacer\" data-id=\"e8f0129\" data-element_type=\"widget\" data-e-type=\"widget\" data-widget_type=\"spacer.default\">\n\t\t\t\t<div class=\"elementor-widget-container\">\n\t\t\t\t\t\t\t<div class=\"elementor-spacer\">\n\t\t\t<div class=\"elementor-spacer-inner\"><\/div>\n\t\t<\/div>\n\t\t\t\t\t\t<\/div>\n\t\t\t\t<\/div>\n\t\t\t\t\t<\/div>\n\t\t<\/div>\n\t\t\t\t\t<\/div>\n\t\t<\/section>\n\t\t\t\t<section class=\"elementor-section elementor-top-section elementor-element elementor-element-2f84624 elementor-section-boxed elementor-section-height-default elementor-section-height-default\" data-id=\"2f84624\" data-element_type=\"section\" data-e-type=\"section\">\n\t\t\t\t\t\t<div class=\"elementor-container elementor-column-gap-default\">\n\t\t\t\t\t<div class=\"elementor-column elementor-col-33 elementor-top-column elementor-element elementor-element-1f9cd73\" data-id=\"1f9cd73\" data-element_type=\"column\" data-e-type=\"column\">\n\t\t\t<div class=\"elementor-widget-wrap elementor-element-populated\">\n\t\t\t\t\t\t<div class=\"elementor-element elementor-element-8c61c68 elementor-widget elementor-widget-text-editor\" data-id=\"8c61c68\" data-element_type=\"widget\" data-e-type=\"widget\" data-widget_type=\"text-editor.default\">\n\t\t\t\t<div class=\"elementor-widget-container\">\n\t\t\t\t\t\t\t\t\t<h4>\u00a0<\/h4>\n<h3 style=\"text-align: left;\">F\u00fcr jede Gelegenheit<\/h3>\n<p>Da unsere Feuershows in der Dunkelheit am sch\u00f6nsten wirken, bieten wir Ihnen nat\u00fcrlich auch gern Shows an, die f\u00fcr die helle Tageszeit und den Innenbereich bestens geeignet sind. Lassen Sie sich \u00fcberraschen von einem bunten Strau\u00df der Artistik, Zauberei und Clownerie!<\/p>\n<p>Dauer: ca. 20 bis 30 min<br \/>Platz: ca. 4 x 6 m<\/p>\t\t\t\t\t\t\t\t<\/div>\n\t\t\t\t<\/div>\n\t\t\t\t\t<\/div>\n\t\t<\/div>\n\t\t\t\t<div class=\"elementor-column elementor-col-33 elementor-top-column elementor-element elementor-element-b5240c6\" data-id=\"b5240c6\" data-element_type=\"column\" data-e-type=\"column\">\n\t\t\t<div class=\"elementor-widget-wrap\">\n\t\t\t\t\t\t\t<\/div>\n\t\t<\/div>\n\t\t\t\t<div class=\"elementor-column elementor-col-33 elementor-top-column elementor-element elementor-element-6527d23\" data-id=\"6527d23\" data-element_type=\"column\" data-e-type=\"column\">\n\t\t\t<div class=\"elementor-widget-wrap elementor-element-populated\">\n\t\t\t\t\t\t<div class=\"elementor-element elementor-element-9be5cea elementor-arrows-position-inside elementor-pagination-position-outside elementor-widget elementor-widget-image-carousel\" data-id=\"9be5cea\" data-element_type=\"widget\" data-e-type=\"widget\" data-settings=\"{&quot;slides_to_show&quot;:&quot;1&quot;,&quot;pause_on_hover&quot;:&quot;no&quot;,&quot;navigation&quot;:&quot;both&quot;,&quot;autoplay&quot;:&quot;yes&quot;,&quot;pause_on_interaction&quot;:&quot;yes&quot;,&quot;autoplay_speed&quot;:5000,&quot;infinite&quot;:&quot;yes&quot;,&quot;effect&quot;:&quot;slide&quot;,&quot;speed&quot;:500}\" data-widget_type=\"image-carousel.default\">\n\t\t\t\t<div class=\"elementor-widget-container\">\n\t\t\t\t\t\t\t<div class=\"elementor-image-carousel-wrapper swiper\" role=\"region\" aria-roledescription=\"carousel\" aria-label=\"Bild Karussell\" dir=\"ltr\">\n\t\t\t<div class=\"elementor-image-carousel swiper-wrapper\" aria-live=\"off\">\n\t\t\t\t\t\t\t\t<div class=\"swiper-slide\" role=\"group\" aria-roledescription=\"slide\" aria-label=\"1 von 6\"><figure class=\"swiper-slide-inner\"><img decoding=\"async\" class=\"swiper-slide-image\" src=\"https:\/\/www.firewings.org\/wp-content\/uploads\/2024\/12\/20240714-0990.jpg_compressed-768x512.jpeg\" alt=\"20240714-0990.jpg_compressed\" \/><\/figure><\/div><div class=\"swiper-slide\" role=\"group\" aria-roledescription=\"slide\" aria-label=\"2 von 6\"><figure class=\"swiper-slide-inner\"><img decoding=\"async\" class=\"swiper-slide-image\" src=\"https:\/\/www.firewings.org\/wp-content\/uploads\/2024\/12\/20240713-0026.jpg_compressed-768x512.jpeg\" alt=\"20240713-0026.jpg_compressed\" \/><\/figure><\/div><div class=\"swiper-slide\" role=\"group\" aria-roledescription=\"slide\" aria-label=\"3 von 6\"><figure class=\"swiper-slide-inner\"><img decoding=\"async\" class=\"swiper-slide-image\" src=\"https:\/\/www.firewings.org\/wp-content\/uploads\/2024\/12\/20210919-5282.JPG_compressed-768x512.jpeg\" alt=\"20210919-5282.JPG_compressed\" \/><\/figure><\/div><div class=\"swiper-slide\" role=\"group\" aria-roledescription=\"slide\" aria-label=\"4 von 6\"><figure class=\"swiper-slide-inner\"><img decoding=\"async\" class=\"swiper-slide-image\" src=\"https:\/\/www.firewings.org\/wp-content\/uploads\/2024\/12\/20240714-1339.jpg_compressed-768x512.jpeg\" alt=\"20240714-1339.jpg_compressed\" \/><\/figure><\/div><div class=\"swiper-slide\" role=\"group\" aria-roledescription=\"slide\" aria-label=\"5 von 6\"><figure class=\"swiper-slide-inner\"><img decoding=\"async\" class=\"swiper-slide-image\" src=\"https:\/\/www.firewings.org\/wp-content\/uploads\/2024\/12\/20210917-2068.jpg_compressed-768x512.jpeg\" alt=\"20210917-2068.jpg_compressed\" \/><\/figure><\/div><div class=\"swiper-slide\" role=\"group\" aria-roledescription=\"slide\" aria-label=\"6 von 6\"><figure class=\"swiper-slide-inner\"><img decoding=\"async\" class=\"swiper-slide-image\" src=\"https:\/\/www.firewings.org\/wp-content\/uploads\/2024\/12\/20210917-1947.jpg_compressed-768x512.jpeg\" alt=\"20210917-1947.jpg_compressed\" \/><\/figure><\/div>\t\t\t<\/div>\n\t\t\t\t\t\t\t\t\t\t\t\t<div class=\"elementor-swiper-button elementor-swiper-button-prev\" role=\"button\" tabindex=\"0\">\n\t\t\t\t\t\t<i aria-hidden=\"true\" class=\"eicon-chevron-left\"><\/i>\t\t\t\t\t<\/div>\n\t\t\t\t\t<div class=\"elementor-swiper-button elementor-swiper-button-next\" role=\"button\" tabindex=\"0\">\n\t\t\t\t\t\t<i aria-hidden=\"true\" class=\"eicon-chevron-right\"><\/i>\t\t\t\t\t<\/div>\n\t\t\t\t\n\t\t\t\t\t\t\t\t\t<div class=\"swiper-pagination\"><\/div>\n\t\t\t\t\t\t\t\t\t<\/div>\n\t\t\t\t\t\t<\/div>\n\t\t\t\t<\/div>\n\t\t\t\t\t<\/div>\n\t\t<\/div>\n\t\t\t\t\t<\/div>\n\t\t<\/section>\n\t\t\t\t<section class=\"elementor-section elementor-top-section elementor-element elementor-element-cb15c30 elementor-section-boxed elementor-section-height-default elementor-section-height-default\" data-id=\"cb15c30\" data-element_type=\"section\" data-e-type=\"section\">\n\t\t\t\t\t\t<div class=\"elementor-container elementor-column-gap-default\">\n\t\t\t\t\t<div class=\"elementor-column elementor-col-100 elementor-top-column elementor-element elementor-element-cb71e78\" data-id=\"cb71e78\" data-element_type=\"column\" data-e-type=\"column\">\n\t\t\t<div class=\"elementor-widget-wrap elementor-element-populated\">\n\t\t\t\t\t\t<div class=\"elementor-element elementor-element-802d0f0 elementor-widget elementor-widget-spacer\" data-id=\"802d0f0\" data-element_type=\"widget\" data-e-type=\"widget\" data-widget_type=\"spacer.default\">\n\t\t\t\t<div class=\"elementor-widget-container\">\n\t\t\t\t\t\t\t<div class=\"elementor-spacer\">\n\t\t\t<div class=\"elementor-spacer-inner\"><\/div>\n\t\t<\/div>\n\t\t\t\t\t\t<\/div>\n\t\t\t\t<\/div>\n\t\t\t\t\t<\/div>\n\t\t<\/div>\n\t\t\t\t\t<\/div>\n\t\t<\/section>\n\t\t\t\t<section class=\"elementor-section elementor-top-section elementor-element elementor-element-5a83b8f elementor-section-boxed elementor-section-height-default elementor-section-height-default\" data-id=\"5a83b8f\" data-element_type=\"section\" data-e-type=\"section\">\n\t\t\t\t\t\t<div class=\"elementor-container elementor-column-gap-default\">\n\t\t\t\t\t<div class=\"elementor-column elementor-col-100 elementor-top-column elementor-element elementor-element-089b456\" data-id=\"089b456\" data-element_type=\"column\" data-e-type=\"column\">\n\t\t\t<div class=\"elementor-widget-wrap elementor-element-populated\">\n\t\t\t\t\t\t<div class=\"elementor-element elementor-element-a164bff elementor-widget elementor-widget-spacer\" data-id=\"a164bff\" data-element_type=\"widget\" data-e-type=\"widget\" data-widget_type=\"spacer.default\">\n\t\t\t\t<div class=\"elementor-widget-container\">\n\t\t\t\t\t\t\t<div class=\"elementor-spacer\">\n\t\t\t<div class=\"elementor-spacer-inner\"><\/div>\n\t\t<\/div>\n\t\t\t\t\t\t<\/div>\n\t\t\t\t<\/div>\n\t\t\t\t\t<\/div>\n\t\t<\/div>\n\t\t\t\t\t<\/div>\n\t\t<\/section>\n\t\t\t\t<section class=\"elementor-section elementor-top-section elementor-element elementor-element-d02a96d elementor-section-boxed elementor-section-height-default elementor-section-height-default\" data-id=\"d02a96d\" data-element_type=\"section\" data-e-type=\"section\">\n\t\t\t\t\t\t<div class=\"elementor-container elementor-column-gap-default\">\n\t\t\t\t\t<div class=\"elementor-column elementor-col-33 elementor-top-column elementor-element elementor-element-9ed9851\" data-id=\"9ed9851\" data-element_type=\"column\" data-e-type=\"column\">\n\t\t\t<div class=\"elementor-widget-wrap elementor-element-populated\">\n\t\t\t\t\t\t<div class=\"elementor-element elementor-element-a432a94 elementor-widget elementor-widget-image\" data-id=\"a432a94\" data-element_type=\"widget\" data-e-type=\"widget\" data-widget_type=\"image.default\">\n\t\t\t\t<div class=\"elementor-widget-container\">\n\t\t\t\t\t\t\t\t\t\t\t\t\t\t\t\t<a href=\"https:\/\/www.firewings.org\/wp-content\/uploads\/2024\/12\/20210918-3380.jpg_compressed.jpeg\" data-elementor-open-lightbox=\"yes\" data-elementor-lightbox-title=\"20210918-3380.jpg_compressed\" data-e-action-hash=\"#elementor-action%3Aaction%3Dlightbox%26settings%3DeyJpZCI6MzUzLCJ1cmwiOiJodHRwczpcL1wvd3d3LmZpcmV3aW5ncy5vcmdcL3dwLWNvbnRlbnRcL3VwbG9hZHNcLzIwMjRcLzEyXC8yMDIxMDkxOC0zMzgwLmpwZ19jb21wcmVzc2VkLmpwZWcifQ%3D%3D\">\n\t\t\t\t\t\t\t<img fetchpriority=\"high\" decoding=\"async\" width=\"1280\" height=\"1919\" src=\"https:\/\/www.firewings.org\/wp-content\/uploads\/2024\/12\/20210918-3380.jpg_compressed.jpeg\" class=\"attachment-full size-full wp-image-353\" alt=\"\" srcset=\"https:\/\/www.firewings.org\/wp-content\/uploads\/2024\/12\/20210918-3380.jpg_compressed.jpeg 1280w, https:\/\/www.firewings.org\/wp-content\/uploads\/2024\/12\/20210918-3380.jpg_compressed-200x300.jpeg 200w, https:\/\/www.firewings.org\/wp-content\/uploads\/2024\/12\/20210918-3380.jpg_compressed-683x1024.jpeg 683w, https:\/\/www.firewings.org\/wp-content\/uploads\/2024\/12\/20210918-3380.jpg_compressed-768x1151.jpeg 768w, https:\/\/www.firewings.org\/wp-content\/uploads\/2024\/12\/20210918-3380.jpg_compressed-1025x1536.jpeg 1025w\" sizes=\"(max-width: 1280px) 100vw, 1280px\" \/>\t\t\t\t\t\t\t\t<\/a>\n\t\t\t\t\t\t\t\t\t\t\t\t\t\t\t<\/div>\n\t\t\t\t<\/div>\n\t\t\t\t\t<\/div>\n\t\t<\/div>\n\t\t\t\t<div class=\"elementor-column elementor-col-33 elementor-top-column elementor-element elementor-element-957752a\" data-id=\"957752a\" data-element_type=\"column\" data-e-type=\"column\">\n\t\t\t<div class=\"elementor-widget-wrap elementor-element-populated\">\n\t\t\t\t\t\t<div class=\"elementor-element elementor-element-7f45e2b elementor-widget elementor-widget-image\" data-id=\"7f45e2b\" data-element_type=\"widget\" data-e-type=\"widget\" data-widget_type=\"image.default\">\n\t\t\t\t<div class=\"elementor-widget-container\">\n\t\t\t\t\t\t\t\t\t\t\t\t\t\t\t\t<a href=\"https:\/\/www.firewings.org\/wp-content\/uploads\/2024\/12\/IMG_1979.jpg_compressed-2.jpeg\" data-elementor-open-lightbox=\"yes\" data-elementor-lightbox-title=\"IMG_1979.jpg_compressed 2\" data-e-action-hash=\"#elementor-action%3Aaction%3Dlightbox%26settings%3DeyJpZCI6MzU4LCJ1cmwiOiJodHRwczpcL1wvd3d3LmZpcmV3aW5ncy5vcmdcL3dwLWNvbnRlbnRcL3VwbG9hZHNcLzIwMjRcLzEyXC9JTUdfMTk3OS5qcGdfY29tcHJlc3NlZC0yLmpwZWcifQ%3D%3D\">\n\t\t\t\t\t\t\t<img decoding=\"async\" width=\"1112\" height=\"1667\" src=\"https:\/\/www.firewings.org\/wp-content\/uploads\/2024\/12\/IMG_1979.jpg_compressed-2.jpeg\" class=\"attachment-full size-full wp-image-358\" alt=\"\" srcset=\"https:\/\/www.firewings.org\/wp-content\/uploads\/2024\/12\/IMG_1979.jpg_compressed-2.jpeg 1112w, https:\/\/www.firewings.org\/wp-content\/uploads\/2024\/12\/IMG_1979.jpg_compressed-2-200x300.jpeg 200w, https:\/\/www.firewings.org\/wp-content\/uploads\/2024\/12\/IMG_1979.jpg_compressed-2-683x1024.jpeg 683w, https:\/\/www.firewings.org\/wp-content\/uploads\/2024\/12\/IMG_1979.jpg_compressed-2-768x1151.jpeg 768w, https:\/\/www.firewings.org\/wp-content\/uploads\/2024\/12\/IMG_1979.jpg_compressed-2-1025x1536.jpeg 1025w\" sizes=\"(max-width: 1112px) 100vw, 1112px\" \/>\t\t\t\t\t\t\t\t<\/a>\n\t\t\t\t\t\t\t\t\t\t\t\t\t\t\t<\/div>\n\t\t\t\t<\/div>\n\t\t\t\t\t<\/div>\n\t\t<\/div>\n\t\t\t\t<div class=\"elementor-column elementor-col-33 elementor-top-column elementor-element elementor-element-3dd34aa\" data-id=\"3dd34aa\" data-element_type=\"column\" data-e-type=\"column\">\n\t\t\t<div class=\"elementor-widget-wrap elementor-element-populated\">\n\t\t\t\t\t\t<div class=\"elementor-element elementor-element-3a4784f elementor-widget elementor-widget-image\" data-id=\"3a4784f\" data-element_type=\"widget\" data-e-type=\"widget\" data-widget_type=\"image.default\">\n\t\t\t\t<div class=\"elementor-widget-container\">\n\t\t\t\t\t\t\t\t\t\t\t\t\t\t\t\t<a href=\"https:\/\/www.firewings.org\/wp-content\/uploads\/2024\/12\/20210919-5003.jpg_compressed.jpeg\" data-elementor-open-lightbox=\"yes\" data-elementor-lightbox-title=\"20210919-5003.jpg_compressed\" data-e-action-hash=\"#elementor-action%3Aaction%3Dlightbox%26settings%3DeyJpZCI6MzU1LCJ1cmwiOiJodHRwczpcL1wvd3d3LmZpcmV3aW5ncy5vcmdcL3dwLWNvbnRlbnRcL3VwbG9hZHNcLzIwMjRcLzEyXC8yMDIxMDkxOS01MDAzLmpwZ19jb21wcmVzc2VkLmpwZWcifQ%3D%3D\">\n\t\t\t\t\t\t\t<img decoding=\"async\" width=\"1280\" height=\"1919\" src=\"https:\/\/www.firewings.org\/wp-content\/uploads\/2024\/12\/20210919-5003.jpg_compressed.jpeg\" class=\"attachment-full size-full wp-image-355\" alt=\"\" srcset=\"https:\/\/www.firewings.org\/wp-content\/uploads\/2024\/12\/20210919-5003.jpg_compressed.jpeg 1280w, https:\/\/www.firewings.org\/wp-content\/uploads\/2024\/12\/20210919-5003.jpg_compressed-200x300.jpeg 200w, https:\/\/www.firewings.org\/wp-content\/uploads\/2024\/12\/20210919-5003.jpg_compressed-683x1024.jpeg 683w, https:\/\/www.firewings.org\/wp-content\/uploads\/2024\/12\/20210919-5003.jpg_compressed-768x1151.jpeg 768w, https:\/\/www.firewings.org\/wp-content\/uploads\/2024\/12\/20210919-5003.jpg_compressed-1025x1536.jpeg 1025w\" sizes=\"(max-width: 1280px) 100vw, 1280px\" \/>\t\t\t\t\t\t\t\t<\/a>\n\t\t\t\t\t\t\t\t\t\t\t\t\t\t\t<\/div>\n\t\t\t\t<\/div>\n\t\t\t\t\t<\/div>\n\t\t<\/div>\n\t\t\t\t\t<\/div>\n\t\t<\/section>\n\t\t\t\t<section class=\"elementor-section elementor-top-section elementor-element elementor-element-4640ec6 elementor-section-boxed elementor-section-height-default elementor-section-height-default\" data-id=\"4640ec6\" data-element_type=\"section\" data-e-type=\"section\">\n\t\t\t\t\t\t<div class=\"elementor-container elementor-column-gap-default\">\n\t\t\t\t\t<div class=\"elementor-column elementor-col-100 elementor-top-column elementor-element elementor-element-863dbc5\" data-id=\"863dbc5\" data-element_type=\"column\" data-e-type=\"column\">\n\t\t\t<div class=\"elementor-widget-wrap elementor-element-populated\">\n\t\t\t\t\t\t<div class=\"elementor-element elementor-element-0b7e3a3 elementor-widget elementor-widget-spacer\" data-id=\"0b7e3a3\" data-element_type=\"widget\" data-e-type=\"widget\" data-widget_type=\"spacer.default\">\n\t\t\t\t<div class=\"elementor-widget-container\">\n\t\t\t\t\t\t\t<div class=\"elementor-spacer\">\n\t\t\t<div class=\"elementor-spacer-inner\"><\/div>\n\t\t<\/div>\n\t\t\t\t\t\t<\/div>\n\t\t\t\t<\/div>\n\t\t\t\t\t<\/div>\n\t\t<\/div>\n\t\t\t\t\t<\/div>\n\t\t<\/section>\n\t\t\t\t<section class=\"elementor-section elementor-top-section elementor-element elementor-element-8ebfa35 elementor-section-boxed elementor-section-height-default elementor-section-height-default\" data-id=\"8ebfa35\" data-element_type=\"section\" data-e-type=\"section\">\n\t\t\t\t\t\t<div class=\"elementor-container elementor-column-gap-default\">\n\t\t\t\t\t<div class=\"elementor-column elementor-col-100 elementor-top-column elementor-element elementor-element-bf84311\" data-id=\"bf84311\" data-element_type=\"column\" data-e-type=\"column\">\n\t\t\t<div class=\"elementor-widget-wrap elementor-element-populated\">\n\t\t\t\t\t\t<div class=\"elementor-element elementor-element-9f4628d elementor-widget elementor-widget-video\" data-id=\"9f4628d\" data-element_type=\"widget\" data-e-type=\"widget\" data-settings=\"{&quot;youtube_url&quot;:&quot;https:\\\/\\\/www.youtube.com\\\/watch?v=O1CU60hxuos&quot;,&quot;yt_privacy&quot;:&quot;yes&quot;,&quot;video_type&quot;:&quot;youtube&quot;,&quot;controls&quot;:&quot;yes&quot;}\" data-widget_type=\"video.default\">\n\t\t\t\t<div class=\"elementor-widget-container\">\n\t\t\t\t\t\t\t<div class=\"elementor-wrapper elementor-open-inline\">\n\t\t\t<div class=\"elementor-video\"><\/div>\t\t<\/div>\n\t\t\t\t\t\t<\/div>\n\t\t\t\t<\/div>\n\t\t\t\t\t<\/div>\n\t\t<\/div>\n\t\t\t\t\t<\/div>\n\t\t<\/section>\n\t\t\t\t<\/div>\n\t\t","protected":false},"excerpt":{"rendered":"<p>\u00a0 F\u00fcr jede Gelegenheit Da unsere Feuershows in der Dunkelheit am sch\u00f6nsten wirken, bieten wir Ihnen nat\u00fcrlich auch gern Shows an, die f\u00fcr die helle Tageszeit und den Innenbereich bestens geeignet sind. Lassen Sie sich \u00fcberraschen von einem bunten Strau\u00df der Artistik, Zauberei und Clownerie! Dauer: ca. 20 bis 30 minPlatz: ca. 4 x 6 [&hellip;]<\/p>\n","protected":false},"author":1,"featured_media":0,"parent":0,"menu_order":0,"comment_status":"closed","ping_status":"closed","template":"","meta":{"footnotes":""},"class_list":["post-117","page","type-page","status-publish","hentry"],"_links":{"self":[{"href":"https:\/\/www.firewings.org\/index.php?rest_route=\/wp\/v2\/pages\/117","targetHints":{"allow":["GET"]}}],"collection":[{"href":"https:\/\/www.firewings.org\/index.php?rest_route=\/wp\/v2\/pages"}],"about":[{"href":"https:\/\/www.firewings.org\/index.php?rest_route=\/wp\/v2\/types\/page"}],"author":[{"embeddable":true,"href":"https:\/\/www.firewings.org\/index.php?rest_route=\/wp\/v2\/users\/1"}],"replies":[{"embeddable":true,"href":"https:\/\/www.firewings.org\/index.php?rest_route=%2Fwp%2Fv2%2Fcomments&post=117"}],"version-history":[{"count":40,"href":"https:\/\/www.firewings.org\/index.php?rest_route=\/wp\/v2\/pages\/117\/revisions"}],"predecessor-version":[{"id":361,"href":"https:\/\/www.firewings.org\/index.php?rest_route=\/wp\/v2\/pages\/117\/revisions\/361"}],"wp:attachment":[{"href":"https:\/\/www.firewings.org\/index.php?rest_route=%2Fwp%2Fv2%2Fmedia&parent=117"}],"curies":[{"name":"wp","href":"https:\/\/api.w.org\/{rel}","templated":true}]}}