{"id":12,"date":"2018-12-29T22:05:24","date_gmt":"2018-12-29T22:05:24","guid":{"rendered":"https:\/\/www.firewings.org\/wordpress\/?page_id=12"},"modified":"2024-12-28T15:54:19","modified_gmt":"2024-12-28T15:54:19","slug":"untermalung","status":"publish","type":"page","link":"https:\/\/www.firewings.org\/?page_id=12","title":{"rendered":"Untermalung"},"content":{"rendered":"<p>\u00a0<\/p>\n<p>Gern verleihen wir Ihrer Veranstaltung ein besonderes Flair, indem wir je nach Thema der Veranstaltung kost\u00fcmiert Ihre G\u00e4ste begr\u00fc\u00dfen oder in den Pausen mit allerlei Kunstst\u00fccken und kleinen Sp\u00e4\u00dfen unterhalten. Nehmen Sie gern mit uns Kontakt auf und teilen Sie uns die Art und das Thema Ihrer Veranstaltung mit.\u00a0<\/p>\n<figure><img decoding=\"async\" src=\"https:\/\/www.firewings.org\/wp-content\/uploads\/2024\/12\/20230714-1166.jpg_compressed-768x512.jpeg\" alt=\"20230714-1166.jpg_compressed\" \/><\/figure>\n<figure><img decoding=\"async\" src=\"https:\/\/www.firewings.org\/wp-content\/uploads\/2019\/01\/IMG_5440-768x512.jpg\" alt=\"IMG_5440\" \/><\/figure>\n<figure><img decoding=\"async\" src=\"https:\/\/www.firewings.org\/wp-content\/uploads\/2024\/12\/20240714-0834.jpg_compressed1-768x512.jpeg\" alt=\"20240714-0834.jpg_compressed(1)\" \/><\/figure>\n<figure><img decoding=\"async\" src=\"https:\/\/www.firewings.org\/wp-content\/uploads\/2024\/12\/20230715-2131.jpg_compressed-768x512.jpeg\" alt=\"20230715-2131.jpg_compressed\" \/><\/figure>\n<figure><img decoding=\"async\" src=\"https:\/\/www.firewings.org\/wp-content\/uploads\/2024\/12\/IMG_0891-2-768x512.jpg\" alt=\"IMG_0891 2\" \/><\/figure>\n<figure><img decoding=\"async\" src=\"https:\/\/www.firewings.org\/wp-content\/uploads\/2019\/01\/IMG_4909-e1547223856693-768x511.jpg\" alt=\"IMG_4909\" \/><\/figure>\n<p>\t\t\t\t\t\t\t\t\t\t\t\t\t\t\t\t<a href=\"https:\/\/www.firewings.org\/wordpress\/wp-content\/uploads\/2019\/01\/DSC_0724-2017_08_09-13_26_22-UTC-e1547224884402.jpg\" data-elementor-open-lightbox=\"yes\" data-elementor-lightbox-title=\"DSC_0724 (2017_08_09 13_26_22 UTC)\" data-e-action-hash=\"#elementor-action%3Aaction%3Dlightbox%26settings%3DeyJpZCI6MjEzLCJ1cmwiOiJodHRwczpcL1wvd3d3LmZpcmV3aW5ncy5vcmdcL3dwLWNvbnRlbnRcL3VwbG9hZHNcLzIwMTlcLzAxXC9EU0NfMDcyNC0yMDE3XzA4XzA5LTEzXzI2XzIyLVVUQy1lMTU0NzIyNDg4NDQwMi5qcGcifQ%3D%3D\"><br \/>\n\t\t\t\t\t\t\t<img fetchpriority=\"high\" decoding=\"async\" width=\"400\" height=\"602\" src=\"https:\/\/www.firewings.org\/wp-content\/uploads\/2019\/01\/DSC_0724-2017_08_09-13_26_22-UTC-e1547224884402.jpg\" alt=\"\" \/>\t\t\t\t\t\t\t\t<\/a><br \/>\n\t\t\t\t\t\t\t\t\t\t\t\t\t\t\t\t<a href=\"https:\/\/www.firewings.org\/wordpress\/wp-content\/uploads\/2018\/12\/DSC_0338-e1547039738890.jpg\" data-elementor-open-lightbox=\"yes\" data-elementor-lightbox-title=\"DSC_0338\" data-e-action-hash=\"#elementor-action%3Aaction%3Dlightbox%26settings%3DeyJpZCI6NTIsInVybCI6Imh0dHBzOlwvXC93d3cuZmlyZXdpbmdzLm9yZ1wvd3AtY29udGVudFwvdXBsb2Fkc1wvMjAxOFwvMTJcL0RTQ18wMzM4LWUxNTQ3MDM5NzM4ODkwLmpwZyJ9\"><br \/>\n\t\t\t\t\t\t\t<img decoding=\"async\" width=\"400\" height=\"604\" src=\"https:\/\/www.firewings.org\/wp-content\/uploads\/2018\/12\/DSC_0338-e1547039738890.jpg\" alt=\"\" \/>\t\t\t\t\t\t\t\t<\/a><br \/>\n\t\t\t\t\t\t\t\t\t\t\t\t\t\t\t\t<a href=\"https:\/\/www.firewings.org\/wordpress\/wp-content\/uploads\/2018\/12\/DSC_0004-e1547224553679.jpg\" data-elementor-open-lightbox=\"yes\" data-elementor-lightbox-title=\"DSC_0004\" data-e-action-hash=\"#elementor-action%3Aaction%3Dlightbox%26settings%3DeyJpZCI6NDIsInVybCI6Imh0dHBzOlwvXC93d3cuZmlyZXdpbmdzLm9yZ1wvd3AtY29udGVudFwvdXBsb2Fkc1wvMjAxOFwvMTJcL0RTQ18wMDA0LWUxNTQ3MjI0NTUzNjc5LmpwZyJ9\"><br \/>\n\t\t\t\t\t\t\t<img decoding=\"async\" width=\"400\" height=\"602\" src=\"https:\/\/www.firewings.org\/wp-content\/uploads\/2018\/12\/DSC_0004-e1547224553679.jpg\" alt=\"\" \/>\t\t\t\t\t\t\t\t<\/a><br \/>\n\t\t\t\t\t\t\t\t\t\t\t\t\t\t\t\t<a href=\"https:\/\/www.firewings.org\/wordpress\/wp-content\/uploads\/2019\/01\/IMG_5414-e1547224842766.jpg\" data-elementor-open-lightbox=\"yes\" data-elementor-lightbox-title=\"IMG_5414\" data-e-action-hash=\"#elementor-action%3Aaction%3Dlightbox%26settings%3DeyJpZCI6MjEyLCJ1cmwiOiJodHRwczpcL1wvd3d3LmZpcmV3aW5ncy5vcmdcL3dwLWNvbnRlbnRcL3VwbG9hZHNcLzIwMTlcLzAxXC9JTUdfNTQxNC1lMTU0NzIyNDg0Mjc2Ni5qcGcifQ%3D%3D\"><br \/>\n\t\t\t\t\t\t\t<img loading=\"lazy\" decoding=\"async\" width=\"400\" height=\"600\" src=\"https:\/\/www.firewings.org\/wp-content\/uploads\/2019\/01\/IMG_5414-e1547224842766.jpg\" alt=\"\" \/>\t\t\t\t\t\t\t\t<\/a><br \/>\n\t\t\t\t\t\t\t\t\t\t\t\t\t\t\t\t<a href=\"https:\/\/www.firewings.org\/wp-content\/uploads\/2024\/12\/78f1901a-00ad-46bd-9fb5-917e095f2f64-2-e1735396662786.jpg\" data-elementor-open-lightbox=\"yes\" data-elementor-lightbox-title=\"78f1901a-00ad-46bd-9fb5-917e095f2f64 2\" data-e-action-hash=\"#elementor-action%3Aaction%3Dlightbox%26settings%3DeyJpZCI6MzczLCJ1cmwiOiJodHRwczpcL1wvd3d3LmZpcmV3aW5ncy5vcmdcL3dwLWNvbnRlbnRcL3VwbG9hZHNcLzIwMjRcLzEyXC83OGYxOTAxYS0wMGFkLTQ2YmQtOWZiNS05MTdlMDk1ZjJmNjQtMi1lMTczNTM5NjY2Mjc4Ni5qcGcifQ%3D%3D\"><br \/>\n\t\t\t\t\t\t\t<img loading=\"lazy\" decoding=\"async\" width=\"898\" height=\"1350\" src=\"https:\/\/www.firewings.org\/wp-content\/uploads\/2024\/12\/78f1901a-00ad-46bd-9fb5-917e095f2f64-2-e1735396662786.jpg\" alt=\"\" srcset=\"https:\/\/www.firewings.org\/wp-content\/uploads\/2024\/12\/78f1901a-00ad-46bd-9fb5-917e095f2f64-2-e1735396662786.jpg 898w, https:\/\/www.firewings.org\/wp-content\/uploads\/2024\/12\/78f1901a-00ad-46bd-9fb5-917e095f2f64-2-e1735396662786-200x300.jpg 200w, https:\/\/www.firewings.org\/wp-content\/uploads\/2024\/12\/78f1901a-00ad-46bd-9fb5-917e095f2f64-2-e1735396662786-681x1024.jpg 681w, https:\/\/www.firewings.org\/wp-content\/uploads\/2024\/12\/78f1901a-00ad-46bd-9fb5-917e095f2f64-2-e1735396662786-768x1155.jpg 768w\" sizes=\"(max-width: 898px) 100vw, 898px\" \/>\t\t\t\t\t\t\t\t<\/a><br \/>\n\t\t\t\t\t\t\t\t\t\t\t\t\t\t\t\t<a href=\"https:\/\/www.firewings.org\/wp-content\/uploads\/2024\/12\/DSC04071-scaled.jpg\" data-elementor-open-lightbox=\"yes\" data-elementor-lightbox-title=\"DSC04071\" data-e-action-hash=\"#elementor-action%3Aaction%3Dlightbox%26settings%3DeyJpZCI6MzcxLCJ1cmwiOiJodHRwczpcL1wvd3d3LmZpcmV3aW5ncy5vcmdcL3dwLWNvbnRlbnRcL3VwbG9hZHNcLzIwMjRcLzEyXC9EU0MwNDA3MS1zY2FsZWQuanBnIn0%3D\"><br \/>\n\t\t\t\t\t\t\t<img loading=\"lazy\" decoding=\"async\" width=\"1707\" height=\"2560\" src=\"https:\/\/www.firewings.org\/wp-content\/uploads\/2024\/12\/DSC04071-scaled.jpg\" alt=\"\" srcset=\"https:\/\/www.firewings.org\/wp-content\/uploads\/2024\/12\/DSC04071-scaled.jpg 1707w, https:\/\/www.firewings.org\/wp-content\/uploads\/2024\/12\/DSC04071-200x300.jpg 200w, https:\/\/www.firewings.org\/wp-content\/uploads\/2024\/12\/DSC04071-683x1024.jpg 683w, https:\/\/www.firewings.org\/wp-content\/uploads\/2024\/12\/DSC04071-768x1152.jpg 768w, https:\/\/www.firewings.org\/wp-content\/uploads\/2024\/12\/DSC04071-1024x1536.jpg 1024w, https:\/\/www.firewings.org\/wp-content\/uploads\/2024\/12\/DSC04071-1365x2048.jpg 1365w\" sizes=\"(max-width: 1707px) 100vw, 1707px\" \/>\t\t\t\t\t\t\t\t<\/a><\/p>\n","protected":false},"excerpt":{"rendered":"<p>\u00a0 Gern verleihen wir Ihrer Veranstaltung ein besonderes Flair, indem wir je nach Thema der Veranstaltung kost\u00fcmiert Ihre G\u00e4ste begr\u00fc\u00dfen oder in den Pausen mit allerlei Kunstst\u00fccken und kleinen Sp\u00e4\u00dfen unterhalten. Nehmen Sie gern mit uns Kontakt auf und teilen Sie uns die Art und das Thema Ihrer Veranstaltung mit.\u00a0<\/p>\n","protected":false},"author":1,"featured_media":0,"parent":0,"menu_order":0,"comment_status":"closed","ping_status":"closed","template":"","meta":{"footnotes":""},"class_list":["post-12","page","type-page","status-publish","hentry"],"_links":{"self":[{"href":"https:\/\/www.firewings.org\/index.php?rest_route=\/wp\/v2\/pages\/12","targetHints":{"allow":["GET"]}}],"collection":[{"href":"https:\/\/www.firewings.org\/index.php?rest_route=\/wp\/v2\/pages"}],"about":[{"href":"https:\/\/www.firewings.org\/index.php?rest_route=\/wp\/v2\/types\/page"}],"author":[{"embeddable":true,"href":"https:\/\/www.firewings.org\/index.php?rest_route=\/wp\/v2\/users\/1"}],"replies":[{"embeddable":true,"href":"https:\/\/www.firewings.org\/index.php?rest_route=%2Fwp%2Fv2%2Fcomments&post=12"}],"version-history":[{"count":24,"href":"https:\/\/www.firewings.org\/index.php?rest_route=\/wp\/v2\/pages\/12\/revisions"}],"predecessor-version":[{"id":396,"href":"https:\/\/www.firewings.org\/index.php?rest_route=\/wp\/v2\/pages\/12\/revisions\/396"}],"wp:attachment":[{"href":"https:\/\/www.firewings.org\/index.php?rest_route=%2Fwp%2Fv2%2Fmedia&parent=12"}],"curies":[{"name":"wp","href":"https:\/\/api.w.org\/{rel}","templated":true}]}}