{"id":9,"date":"2018-12-29T22:05:24","date_gmt":"2018-12-29T22:05:24","guid":{"rendered":"https:\/\/www.firewings.org\/wordpress\/?page_id=9"},"modified":"2024-12-28T13:32:35","modified_gmt":"2024-12-28T13:32:35","slug":"feuershows","status":"publish","type":"page","link":"https:\/\/www.firewings.org\/?page_id=9","title":{"rendered":"Feuershows"},"content":{"rendered":"\t\t<div data-elementor-type=\"wp-post\" data-elementor-id=\"9\" class=\"elementor elementor-9\">\n\t\t\t\t\t\t<section class=\"elementor-section elementor-top-section elementor-element elementor-element-c414530 elementor-section-boxed elementor-section-height-default elementor-section-height-default\" data-id=\"c414530\" data-element_type=\"section\" data-e-type=\"section\">\n\t\t\t\t\t\t<div class=\"elementor-container elementor-column-gap-default\">\n\t\t\t\t\t<div class=\"elementor-column elementor-col-100 elementor-top-column elementor-element elementor-element-aab525c\" data-id=\"aab525c\" data-element_type=\"column\" data-e-type=\"column\">\n\t\t\t<div class=\"elementor-widget-wrap elementor-element-populated\">\n\t\t\t\t\t\t<div class=\"elementor-element elementor-element-691c181 elementor-hidden-tablet elementor-hidden-phone elementor-widget elementor-widget-spacer\" data-id=\"691c181\" data-element_type=\"widget\" data-e-type=\"widget\" data-widget_type=\"spacer.default\">\n\t\t\t\t<div class=\"elementor-widget-container\">\n\t\t\t\t\t\t\t<div class=\"elementor-spacer\">\n\t\t\t<div class=\"elementor-spacer-inner\"><\/div>\n\t\t<\/div>\n\t\t\t\t\t\t<\/div>\n\t\t\t\t<\/div>\n\t\t\t\t\t<\/div>\n\t\t<\/div>\n\t\t\t\t\t<\/div>\n\t\t<\/section>\n\t\t\t\t<section class=\"elementor-section elementor-top-section elementor-element elementor-element-87ea930 elementor-section-boxed elementor-section-height-default elementor-section-height-default\" data-id=\"87ea930\" data-element_type=\"section\" data-e-type=\"section\">\n\t\t\t\t\t\t<div class=\"elementor-container elementor-column-gap-default\">\n\t\t\t\t\t<div class=\"elementor-column elementor-col-33 elementor-top-column elementor-element elementor-element-2e9676b\" data-id=\"2e9676b\" data-element_type=\"column\" data-e-type=\"column\">\n\t\t\t<div class=\"elementor-widget-wrap elementor-element-populated\">\n\t\t\t\t\t\t<div class=\"elementor-element elementor-element-28e56fc elementor-widget elementor-widget-text-editor\" data-id=\"28e56fc\" data-element_type=\"widget\" data-e-type=\"widget\" data-widget_type=\"text-editor.default\">\n\t\t\t\t<div class=\"elementor-widget-container\">\n\t\t\t\t\t\t\t\t\t<p>\u00a0<\/p>\n<p>Wenn die Nacht hereinbricht, entstehen beim Spiel mit dem Feuer atemberaubende Flammenbilder. In einer mitrei\u00dfenden und zugleich bezaubernden Verbindung aus Akrobatik, Tanz und Jonglage werden Feuerfantasien lebendig. Lassen Sie sich beeindrucken von anspruchsvoller Artistik, dem Reiz der Flammen und dem einzigartigem Zusammenspiel unserer Feuerk\u00fcnstler!<\/p>\n<p>Dauer: ca. 15 bis 20 min<br \/>Platz: min. 4 x 6 m<\/p>\n<p>\u00a0<\/p>\n<p>Bitte beachten Sie, dass unsere Feuershows vor allem f\u00fcr den Au\u00dfenbereich geeignet sind. Nach Absprache und in Abh\u00e4ngigkeit von den r\u00e4umlichen Gegebenheiten k\u00f6nnen wir jedoch auch Auftritte im Innenbereich erm\u00f6glichen.<\/p>\t\t\t\t\t\t\t\t<\/div>\n\t\t\t\t<\/div>\n\t\t\t\t\t<\/div>\n\t\t<\/div>\n\t\t\t\t<div class=\"elementor-column elementor-col-33 elementor-top-column elementor-element elementor-element-4e40e4a\" data-id=\"4e40e4a\" data-element_type=\"column\" data-e-type=\"column\">\n\t\t\t<div class=\"elementor-widget-wrap\">\n\t\t\t\t\t\t\t<\/div>\n\t\t<\/div>\n\t\t\t\t<div class=\"elementor-column elementor-col-33 elementor-top-column elementor-element elementor-element-1e7dbd7\" data-id=\"1e7dbd7\" data-element_type=\"column\" data-e-type=\"column\">\n\t\t\t<div class=\"elementor-widget-wrap elementor-element-populated\">\n\t\t\t\t\t\t<div class=\"elementor-element elementor-element-35cbab4 elementor-arrows-position-inside elementor-pagination-position-outside elementor-widget elementor-widget-image-carousel\" data-id=\"35cbab4\" data-element_type=\"widget\" data-e-type=\"widget\" data-settings=\"{&quot;slides_to_show&quot;:&quot;1&quot;,&quot;navigation&quot;:&quot;both&quot;,&quot;autoplay&quot;:&quot;yes&quot;,&quot;pause_on_hover&quot;:&quot;yes&quot;,&quot;pause_on_interaction&quot;:&quot;yes&quot;,&quot;autoplay_speed&quot;:5000,&quot;infinite&quot;:&quot;yes&quot;,&quot;effect&quot;:&quot;slide&quot;,&quot;speed&quot;:500}\" data-widget_type=\"image-carousel.default\">\n\t\t\t\t<div class=\"elementor-widget-container\">\n\t\t\t\t\t\t\t<div class=\"elementor-image-carousel-wrapper swiper\" role=\"region\" aria-roledescription=\"carousel\" aria-label=\"Bild Karussell\" dir=\"ltr\">\n\t\t\t<div class=\"elementor-image-carousel swiper-wrapper\" aria-live=\"off\">\n\t\t\t\t\t\t\t\t<div class=\"swiper-slide\" role=\"group\" aria-roledescription=\"slide\" aria-label=\"1 von 8\"><figure class=\"swiper-slide-inner\"><img decoding=\"async\" class=\"swiper-slide-image\" src=\"https:\/\/www.firewings.org\/wp-content\/uploads\/2024\/12\/20240714-2325.jpg_compressed-768x512.jpeg\" alt=\"20240714-2325.jpg_compressed\" \/><\/figure><\/div><div class=\"swiper-slide\" role=\"group\" aria-roledescription=\"slide\" aria-label=\"2 von 8\"><figure class=\"swiper-slide-inner\"><img decoding=\"async\" class=\"swiper-slide-image\" src=\"https:\/\/www.firewings.org\/wp-content\/uploads\/2019\/01\/IMG_5188-768x513.jpg\" alt=\"IMG_5188\" \/><\/figure><\/div><div class=\"swiper-slide\" role=\"group\" aria-roledescription=\"slide\" aria-label=\"3 von 8\"><figure class=\"swiper-slide-inner\"><img decoding=\"async\" class=\"swiper-slide-image\" src=\"https:\/\/www.firewings.org\/wp-content\/uploads\/2019\/01\/IMG_5254-768x512.jpg\" alt=\"IMG_5254\" \/><\/figure><\/div><div class=\"swiper-slide\" role=\"group\" aria-roledescription=\"slide\" aria-label=\"4 von 8\"><figure class=\"swiper-slide-inner\"><img decoding=\"async\" class=\"swiper-slide-image\" src=\"https:\/\/www.firewings.org\/wp-content\/uploads\/2024\/12\/20230714-1323.jpg_compressed-768x512.jpeg\" alt=\"20230714-1323.jpg_compressed\" \/><\/figure><\/div><div class=\"swiper-slide\" role=\"group\" aria-roledescription=\"slide\" aria-label=\"5 von 8\"><figure class=\"swiper-slide-inner\"><img decoding=\"async\" class=\"swiper-slide-image\" src=\"https:\/\/www.firewings.org\/wp-content\/uploads\/2024\/12\/20240714-2197.jpg_compressed-768x512.jpeg\" alt=\"20240714-2197.jpg_compressed\" \/><\/figure><\/div><div class=\"swiper-slide\" role=\"group\" aria-roledescription=\"slide\" aria-label=\"6 von 8\"><figure class=\"swiper-slide-inner\"><img decoding=\"async\" class=\"swiper-slide-image\" src=\"https:\/\/www.firewings.org\/wp-content\/uploads\/2019\/01\/PSS_2468-2-768x512.jpg\" alt=\"PSS_2468 2\" \/><\/figure><\/div><div class=\"swiper-slide\" role=\"group\" aria-roledescription=\"slide\" aria-label=\"7 von 8\"><figure class=\"swiper-slide-inner\"><img decoding=\"async\" class=\"swiper-slide-image\" src=\"https:\/\/www.firewings.org\/wp-content\/uploads\/2024\/12\/20210917-2432.jpg_compressed-768x512.jpeg\" alt=\"20210917-2432.jpg_compressed\" \/><\/figure><\/div><div class=\"swiper-slide\" role=\"group\" aria-roledescription=\"slide\" aria-label=\"8 von 8\"><figure class=\"swiper-slide-inner\"><img decoding=\"async\" class=\"swiper-slide-image\" src=\"https:\/\/www.firewings.org\/wp-content\/uploads\/2019\/01\/IMG_5140-e1547213134861-768x512.jpg\" alt=\"IMG_5140\" \/><\/figure><\/div>\t\t\t<\/div>\n\t\t\t\t\t\t\t\t\t\t\t\t<div class=\"elementor-swiper-button elementor-swiper-button-prev\" role=\"button\" tabindex=\"0\">\n\t\t\t\t\t\t<i aria-hidden=\"true\" class=\"eicon-chevron-left\"><\/i>\t\t\t\t\t<\/div>\n\t\t\t\t\t<div class=\"elementor-swiper-button elementor-swiper-button-next\" role=\"button\" tabindex=\"0\">\n\t\t\t\t\t\t<i aria-hidden=\"true\" class=\"eicon-chevron-right\"><\/i>\t\t\t\t\t<\/div>\n\t\t\t\t\n\t\t\t\t\t\t\t\t\t<div class=\"swiper-pagination\"><\/div>\n\t\t\t\t\t\t\t\t\t<\/div>\n\t\t\t\t\t\t<\/div>\n\t\t\t\t<\/div>\n\t\t\t\t\t<\/div>\n\t\t<\/div>\n\t\t\t\t\t<\/div>\n\t\t<\/section>\n\t\t\t\t<section class=\"elementor-section elementor-top-section elementor-element elementor-element-5a72f8a elementor-section-boxed elementor-section-height-default elementor-section-height-default\" data-id=\"5a72f8a\" data-element_type=\"section\" data-e-type=\"section\">\n\t\t\t\t\t\t<div class=\"elementor-container elementor-column-gap-default\">\n\t\t\t\t\t<div class=\"elementor-column elementor-col-100 elementor-top-column elementor-element elementor-element-07bd7f3\" data-id=\"07bd7f3\" data-element_type=\"column\" data-e-type=\"column\">\n\t\t\t<div class=\"elementor-widget-wrap elementor-element-populated\">\n\t\t\t\t\t\t<div class=\"elementor-element elementor-element-62f1be4 elementor-widget elementor-widget-text-editor\" data-id=\"62f1be4\" data-element_type=\"widget\" data-e-type=\"widget\" data-widget_type=\"text-editor.default\">\n\t\t\t\t<div class=\"elementor-widget-container\">\n\t\t\t\t\t\t\t\t\t<p style=\"text-align: center;\"><br \/>Zu Hochzeiten und Verlobungsfeiern pr\u00e4sentieren wir Ihnen gern unsere Feuershow mit besonderer Romantik.<\/p>\t\t\t\t\t\t\t\t<\/div>\n\t\t\t\t<\/div>\n\t\t\t\t<div class=\"elementor-element elementor-element-9bae15e elementor-widget elementor-widget-spacer\" data-id=\"9bae15e\" data-element_type=\"widget\" data-e-type=\"widget\" data-widget_type=\"spacer.default\">\n\t\t\t\t<div class=\"elementor-widget-container\">\n\t\t\t\t\t\t\t<div class=\"elementor-spacer\">\n\t\t\t<div class=\"elementor-spacer-inner\"><\/div>\n\t\t<\/div>\n\t\t\t\t\t\t<\/div>\n\t\t\t\t<\/div>\n\t\t\t\t\t<\/div>\n\t\t<\/div>\n\t\t\t\t\t<\/div>\n\t\t<\/section>\n\t\t\t\t<section class=\"elementor-section elementor-top-section elementor-element elementor-element-9b4a3dc elementor-section-boxed elementor-section-height-default elementor-section-height-default\" data-id=\"9b4a3dc\" data-element_type=\"section\" data-e-type=\"section\">\n\t\t\t\t\t\t<div class=\"elementor-container elementor-column-gap-default\">\n\t\t\t\t\t<div class=\"elementor-column elementor-col-50 elementor-top-column elementor-element elementor-element-8a5bcf8\" data-id=\"8a5bcf8\" data-element_type=\"column\" data-e-type=\"column\">\n\t\t\t<div class=\"elementor-widget-wrap elementor-element-populated\">\n\t\t\t\t\t\t<div class=\"elementor-element elementor-element-d4adfa1 elementor-widget elementor-widget-image\" data-id=\"d4adfa1\" data-element_type=\"widget\" data-e-type=\"widget\" data-widget_type=\"image.default\">\n\t\t\t\t<div class=\"elementor-widget-container\">\n\t\t\t\t\t\t\t\t\t\t\t\t\t\t\t\t<a href=\"https:\/\/www.firewings.org\/wordpress\/wp-content\/uploads\/2018\/12\/DSC_0288-e1547214639888.jpg\" data-elementor-open-lightbox=\"yes\" data-elementor-lightbox-title=\"DSC_0288\" data-e-action-hash=\"#elementor-action%3Aaction%3Dlightbox%26settings%3DeyJpZCI6NTEsInVybCI6Imh0dHBzOlwvXC93d3cuZmlyZXdpbmdzLm9yZ1wvd3AtY29udGVudFwvdXBsb2Fkc1wvMjAxOFwvMTJcL0RTQ18wMjg4LWUxNTQ3MjE0NjM5ODg4LmpwZyJ9\">\n\t\t\t\t\t\t\t<img fetchpriority=\"high\" decoding=\"async\" width=\"600\" height=\"401\" src=\"https:\/\/www.firewings.org\/wp-content\/uploads\/2018\/12\/DSC_0288-e1547214639888.jpg\" class=\"attachment-full size-full wp-image-51\" alt=\"\" \/>\t\t\t\t\t\t\t\t<\/a>\n\t\t\t\t\t\t\t\t\t\t\t\t\t\t\t<\/div>\n\t\t\t\t<\/div>\n\t\t\t\t\t<\/div>\n\t\t<\/div>\n\t\t\t\t<div class=\"elementor-column elementor-col-50 elementor-top-column elementor-element elementor-element-1b4eac3\" data-id=\"1b4eac3\" data-element_type=\"column\" data-e-type=\"column\">\n\t\t\t<div class=\"elementor-widget-wrap elementor-element-populated\">\n\t\t\t\t\t\t<div class=\"elementor-element elementor-element-6d83810 elementor-widget elementor-widget-image\" data-id=\"6d83810\" data-element_type=\"widget\" data-e-type=\"widget\" data-widget_type=\"image.default\">\n\t\t\t\t<div class=\"elementor-widget-container\">\n\t\t\t\t\t\t\t\t\t\t\t\t\t\t\t\t<a href=\"https:\/\/www.firewings.org\/wordpress\/wp-content\/uploads\/2019\/01\/Feuerherz.png\" data-elementor-open-lightbox=\"yes\" data-elementor-lightbox-title=\"Feuerherz\" data-e-action-hash=\"#elementor-action%3Aaction%3Dlightbox%26settings%3DeyJpZCI6MjI4LCJ1cmwiOiJodHRwczpcL1wvd3d3LmZpcmV3aW5ncy5vcmdcL3dwLWNvbnRlbnRcL3VwbG9hZHNcLzIwMTlcLzAxXC9GZXVlcmhlcnoucG5nIn0%3D\">\n\t\t\t\t\t\t\t<img decoding=\"async\" src=\"https:\/\/www.firewings.org\/wp-content\/uploads\/elementor\/thumbs\/Feuerherz-o2qem72inxfv8qxtweneli9qk5ne964g0pbtmuh3mo.png\" title=\"Feuerherz\" alt=\"Feuerherz\" loading=\"lazy\" \/>\t\t\t\t\t\t\t\t<\/a>\n\t\t\t\t\t\t\t\t\t\t\t\t\t\t\t<\/div>\n\t\t\t\t<\/div>\n\t\t\t\t\t<\/div>\n\t\t<\/div>\n\t\t\t\t\t<\/div>\n\t\t<\/section>\n\t\t\t\t<section class=\"elementor-section elementor-top-section elementor-element elementor-element-8962c75 elementor-section-boxed elementor-section-height-default elementor-section-height-default\" data-id=\"8962c75\" data-element_type=\"section\" data-e-type=\"section\">\n\t\t\t\t\t\t<div class=\"elementor-container elementor-column-gap-default\">\n\t\t\t\t\t<div class=\"elementor-column elementor-col-100 elementor-top-column elementor-element elementor-element-6d4c32e\" data-id=\"6d4c32e\" data-element_type=\"column\" data-e-type=\"column\">\n\t\t\t<div class=\"elementor-widget-wrap elementor-element-populated\">\n\t\t\t\t\t\t<div class=\"elementor-element elementor-element-4010bf7 elementor-widget elementor-widget-spacer\" data-id=\"4010bf7\" data-element_type=\"widget\" data-e-type=\"widget\" data-widget_type=\"spacer.default\">\n\t\t\t\t<div class=\"elementor-widget-container\">\n\t\t\t\t\t\t\t<div class=\"elementor-spacer\">\n\t\t\t<div class=\"elementor-spacer-inner\"><\/div>\n\t\t<\/div>\n\t\t\t\t\t\t<\/div>\n\t\t\t\t<\/div>\n\t\t\t\t\t<\/div>\n\t\t<\/div>\n\t\t\t\t\t<\/div>\n\t\t<\/section>\n\t\t\t\t<section class=\"elementor-section elementor-top-section elementor-element elementor-element-a8cdbb0 elementor-section-boxed elementor-section-height-default elementor-section-height-default\" data-id=\"a8cdbb0\" data-element_type=\"section\" data-e-type=\"section\">\n\t\t\t\t\t\t<div class=\"elementor-container elementor-column-gap-default\">\n\t\t\t\t\t<div class=\"elementor-column elementor-col-33 elementor-top-column elementor-element elementor-element-92cb93c\" data-id=\"92cb93c\" data-element_type=\"column\" data-e-type=\"column\">\n\t\t\t<div class=\"elementor-widget-wrap elementor-element-populated\">\n\t\t\t\t\t\t<div class=\"elementor-element elementor-element-853d006 elementor-widget elementor-widget-image\" data-id=\"853d006\" data-element_type=\"widget\" data-e-type=\"widget\" data-widget_type=\"image.default\">\n\t\t\t\t<div class=\"elementor-widget-container\">\n\t\t\t\t\t\t\t\t\t\t\t\t\t\t\t\t<a href=\"https:\/\/www.firewings.org\/wordpress\/wp-content\/uploads\/2019\/01\/IMG_5963-e1547212396106.jpg\" data-elementor-open-lightbox=\"yes\" data-elementor-lightbox-title=\"IMG_5963\" data-e-action-hash=\"#elementor-action%3Aaction%3Dlightbox%26settings%3DeyJpZCI6MTA3LCJ1cmwiOiJodHRwczpcL1wvd3d3LmZpcmV3aW5ncy5vcmdcL3dwLWNvbnRlbnRcL3VwbG9hZHNcLzIwMTlcLzAxXC9JTUdfNTk2My1lMTU0NzIxMjM5NjEwNi5qcGcifQ%3D%3D\">\n\t\t\t\t\t\t\t<img decoding=\"async\" width=\"400\" height=\"599\" src=\"https:\/\/www.firewings.org\/wp-content\/uploads\/2019\/01\/IMG_5963-e1547212396106.jpg\" class=\"attachment-full size-full wp-image-107\" alt=\"\" \/>\t\t\t\t\t\t\t\t<\/a>\n\t\t\t\t\t\t\t\t\t\t\t\t\t\t\t<\/div>\n\t\t\t\t<\/div>\n\t\t\t\t\t<\/div>\n\t\t<\/div>\n\t\t\t\t<div class=\"elementor-column elementor-col-33 elementor-top-column elementor-element elementor-element-d13e83b\" data-id=\"d13e83b\" data-element_type=\"column\" data-e-type=\"column\">\n\t\t\t<div class=\"elementor-widget-wrap elementor-element-populated\">\n\t\t\t\t\t\t<div class=\"elementor-element elementor-element-9c155ae elementor-widget elementor-widget-image\" data-id=\"9c155ae\" data-element_type=\"widget\" data-e-type=\"widget\" data-widget_type=\"image.default\">\n\t\t\t\t<div class=\"elementor-widget-container\">\n\t\t\t\t\t\t\t\t\t\t\t\t\t\t\t\t<a href=\"https:\/\/www.firewings.org\/wp-content\/uploads\/2024\/12\/20240714-2395.jpg_compressed.jpeg\" data-elementor-open-lightbox=\"yes\" data-elementor-lightbox-title=\"20240714-2395.jpg_compressed\" data-e-action-hash=\"#elementor-action%3Aaction%3Dlightbox%26settings%3DeyJpZCI6MzQ0LCJ1cmwiOiJodHRwczpcL1wvd3d3LmZpcmV3aW5ncy5vcmdcL3dwLWNvbnRlbnRcL3VwbG9hZHNcLzIwMjRcLzEyXC8yMDI0MDcxNC0yMzk1LmpwZ19jb21wcmVzc2VkLmpwZWcifQ%3D%3D\">\n\t\t\t\t\t\t\t<img decoding=\"async\" width=\"1280\" height=\"1919\" src=\"https:\/\/www.firewings.org\/wp-content\/uploads\/2024\/12\/20240714-2395.jpg_compressed.jpeg\" class=\"attachment-full size-full wp-image-344\" alt=\"\" srcset=\"https:\/\/www.firewings.org\/wp-content\/uploads\/2024\/12\/20240714-2395.jpg_compressed.jpeg 1280w, https:\/\/www.firewings.org\/wp-content\/uploads\/2024\/12\/20240714-2395.jpg_compressed-200x300.jpeg 200w, https:\/\/www.firewings.org\/wp-content\/uploads\/2024\/12\/20240714-2395.jpg_compressed-683x1024.jpeg 683w, https:\/\/www.firewings.org\/wp-content\/uploads\/2024\/12\/20240714-2395.jpg_compressed-768x1151.jpeg 768w, https:\/\/www.firewings.org\/wp-content\/uploads\/2024\/12\/20240714-2395.jpg_compressed-1025x1536.jpeg 1025w\" sizes=\"(max-width: 1280px) 100vw, 1280px\" \/>\t\t\t\t\t\t\t\t<\/a>\n\t\t\t\t\t\t\t\t\t\t\t\t\t\t\t<\/div>\n\t\t\t\t<\/div>\n\t\t\t\t\t<\/div>\n\t\t<\/div>\n\t\t\t\t<div class=\"elementor-column elementor-col-33 elementor-top-column elementor-element elementor-element-18bdbff\" data-id=\"18bdbff\" data-element_type=\"column\" data-e-type=\"column\">\n\t\t\t<div class=\"elementor-widget-wrap elementor-element-populated\">\n\t\t\t\t\t\t<div class=\"elementor-element elementor-element-1b5520a elementor-widget elementor-widget-image\" data-id=\"1b5520a\" data-element_type=\"widget\" data-e-type=\"widget\" data-widget_type=\"image.default\">\n\t\t\t\t<div class=\"elementor-widget-container\">\n\t\t\t\t\t\t\t\t\t\t\t\t\t\t\t\t<a href=\"https:\/\/www.firewings.org\/wordpress\/wp-content\/uploads\/2019\/01\/IMG_6226-e1547213365767.jpg\" data-elementor-open-lightbox=\"yes\" data-elementor-lightbox-title=\"IMG_6226\" data-e-action-hash=\"#elementor-action%3Aaction%3Dlightbox%26settings%3DeyJpZCI6MTcxLCJ1cmwiOiJodHRwczpcL1wvd3d3LmZpcmV3aW5ncy5vcmdcL3dwLWNvbnRlbnRcL3VwbG9hZHNcLzIwMTlcLzAxXC9JTUdfNjIyNi1lMTU0NzIxMzM2NTc2Ny5qcGcifQ%3D%3D\">\n\t\t\t\t\t\t\t<img loading=\"lazy\" decoding=\"async\" width=\"400\" height=\"600\" src=\"https:\/\/www.firewings.org\/wp-content\/uploads\/2019\/01\/IMG_6226-e1547213365767.jpg\" class=\"attachment-full size-full wp-image-171\" alt=\"\" \/>\t\t\t\t\t\t\t\t<\/a>\n\t\t\t\t\t\t\t\t\t\t\t\t\t\t\t<\/div>\n\t\t\t\t<\/div>\n\t\t\t\t\t<\/div>\n\t\t<\/div>\n\t\t\t\t\t<\/div>\n\t\t<\/section>\n\t\t\t\t<section class=\"elementor-section elementor-top-section elementor-element elementor-element-e311e18 elementor-section-boxed elementor-section-height-default elementor-section-height-default\" data-id=\"e311e18\" data-element_type=\"section\" data-e-type=\"section\">\n\t\t\t\t\t\t<div class=\"elementor-container elementor-column-gap-default\">\n\t\t\t\t\t<div class=\"elementor-column elementor-col-100 elementor-top-column elementor-element elementor-element-0eb8b32\" data-id=\"0eb8b32\" data-element_type=\"column\" data-e-type=\"column\">\n\t\t\t<div class=\"elementor-widget-wrap elementor-element-populated\">\n\t\t\t\t\t\t<div class=\"elementor-element elementor-element-0683ed6 elementor-widget elementor-widget-spacer\" data-id=\"0683ed6\" data-element_type=\"widget\" data-e-type=\"widget\" data-widget_type=\"spacer.default\">\n\t\t\t\t<div class=\"elementor-widget-container\">\n\t\t\t\t\t\t\t<div class=\"elementor-spacer\">\n\t\t\t<div class=\"elementor-spacer-inner\"><\/div>\n\t\t<\/div>\n\t\t\t\t\t\t<\/div>\n\t\t\t\t<\/div>\n\t\t\t\t\t<\/div>\n\t\t<\/div>\n\t\t\t\t\t<\/div>\n\t\t<\/section>\n\t\t\t\t<section class=\"elementor-section elementor-top-section elementor-element elementor-element-62b3a4b elementor-section-boxed elementor-section-height-default elementor-section-height-default\" data-id=\"62b3a4b\" data-element_type=\"section\" data-e-type=\"section\">\n\t\t\t\t\t\t<div class=\"elementor-container elementor-column-gap-default\">\n\t\t\t\t\t<div class=\"elementor-column elementor-col-100 elementor-top-column elementor-element elementor-element-9049b4c\" data-id=\"9049b4c\" data-element_type=\"column\" data-e-type=\"column\">\n\t\t\t<div class=\"elementor-widget-wrap elementor-element-populated\">\n\t\t\t\t\t\t<div class=\"elementor-element elementor-element-5bba925 elementor-widget elementor-widget-video\" data-id=\"5bba925\" data-element_type=\"widget\" data-e-type=\"widget\" data-settings=\"{&quot;youtube_url&quot;:&quot;https:\\\/\\\/www.youtube.com\\\/watch?v=rYfvABBgLsA&quot;,&quot;yt_privacy&quot;:&quot;yes&quot;,&quot;video_type&quot;:&quot;youtube&quot;,&quot;controls&quot;:&quot;yes&quot;}\" data-widget_type=\"video.default\">\n\t\t\t\t<div class=\"elementor-widget-container\">\n\t\t\t\t\t\t\t<div class=\"elementor-wrapper elementor-open-inline\">\n\t\t\t<div class=\"elementor-video\"><\/div>\t\t<\/div>\n\t\t\t\t\t\t<\/div>\n\t\t\t\t<\/div>\n\t\t\t\t\t<\/div>\n\t\t<\/div>\n\t\t\t\t\t<\/div>\n\t\t<\/section>\n\t\t\t\t<\/div>\n\t\t","protected":false},"excerpt":{"rendered":"<p>\u00a0 Wenn die Nacht hereinbricht, entstehen beim Spiel mit dem Feuer atemberaubende Flammenbilder. In einer mitrei\u00dfenden und zugleich bezaubernden Verbindung aus Akrobatik, Tanz und Jonglage werden Feuerfantasien lebendig. Lassen Sie sich beeindrucken von anspruchsvoller Artistik, dem Reiz der Flammen und dem einzigartigem Zusammenspiel unserer Feuerk\u00fcnstler! Dauer: ca. 15 bis 20 minPlatz: min. 4 x 6 [&hellip;]<\/p>\n","protected":false},"author":1,"featured_media":0,"parent":0,"menu_order":0,"comment_status":"closed","ping_status":"closed","template":"","meta":{"footnotes":""},"class_list":["post-9","page","type-page","status-publish","hentry"],"_links":{"self":[{"href":"https:\/\/www.firewings.org\/index.php?rest_route=\/wp\/v2\/pages\/9","targetHints":{"allow":["GET"]}}],"collection":[{"href":"https:\/\/www.firewings.org\/index.php?rest_route=\/wp\/v2\/pages"}],"about":[{"href":"https:\/\/www.firewings.org\/index.php?rest_route=\/wp\/v2\/types\/page"}],"author":[{"embeddable":true,"href":"https:\/\/www.firewings.org\/index.php?rest_route=\/wp\/v2\/users\/1"}],"replies":[{"embeddable":true,"href":"https:\/\/www.firewings.org\/index.php?rest_route=%2Fwp%2Fv2%2Fcomments&post=9"}],"version-history":[{"count":28,"href":"https:\/\/www.firewings.org\/index.php?rest_route=\/wp\/v2\/pages\/9\/revisions"}],"predecessor-version":[{"id":347,"href":"https:\/\/www.firewings.org\/index.php?rest_route=\/wp\/v2\/pages\/9\/revisions\/347"}],"wp:attachment":[{"href":"https:\/\/www.firewings.org\/index.php?rest_route=%2Fwp%2Fv2%2Fmedia&parent=9"}],"curies":[{"name":"wp","href":"https:\/\/api.w.org\/{rel}","templated":true}]}}